{"id":27,"date":"2026-01-22T12:16:41","date_gmt":"2026-01-22T12:16:41","guid":{"rendered":"https:\/\/www.vyrobenenasarisi.sk\/?page_id=27"},"modified":"2026-01-24T09:35:39","modified_gmt":"2026-01-24T09:35:39","slug":"vyrobene-na-sarisi","status":"publish","type":"page","link":"https:\/\/www.vyrobenenasarisi.sk\/en\/","title":{"rendered":"Made in \u0160ari\u0161"},"content":{"rendered":"","protected":false},"excerpt":{"rendered":"","protected":false},"author":1,"featured_media":0,"parent":0,"menu_order":0,"comment_status":"closed","ping_status":"closed","template":"","meta":{"_acf_changed":false,"footnotes":""},"class_list":["post-27","page","type-page","status-publish","hentry"],"acf":[],"yoast_head":"<!-- This site is optimized with the Yoast SEO Premium plugin v26.6 (Yoast SEO v26.9) - https:\/\/yoast.com\/product\/yoast-seo-premium-wordpress\/ -->\n<title>Vyroben\u00e9 na \u0160ari\u0161i - Vyroben\u00e9 na \u0160ari\u0161i<\/title>\n<meta name=\"robots\" content=\"index, follow, max-snippet:-1, max-image-preview:large, max-video-preview:-1\" \/>\n<link rel=\"canonical\" href=\"https:\/\/www.vyrobenenasarisi.sk\/en\/\" \/>\n<meta property=\"og:locale\" content=\"en_GB\" \/>\n<meta property=\"og:type\" content=\"article\" \/>\n<meta property=\"og:title\" content=\"Vyroben\u00e9 na \u0160ari\u0161i\" \/>\n<meta property=\"og:url\" content=\"https:\/\/www.vyrobenenasarisi.sk\/en\/\" \/>\n<meta property=\"og:site_name\" content=\"Vyroben\u00e9 na \u0160ari\u0161i\" \/>\n<meta property=\"article:modified_time\" content=\"2026-01-24T09:35:39+00:00\" \/>\n<meta name=\"twitter:card\" content=\"summary_large_image\" \/>\n<script type=\"application\/ld+json\" class=\"yoast-schema-graph\">{\"@context\":\"https:\/\/schema.org\",\"@graph\":[{\"@type\":\"WebPage\",\"@id\":\"https:\/\/www.vyrobenenasarisi.sk\/\",\"url\":\"https:\/\/www.vyrobenenasarisi.sk\/\",\"name\":\"Vyroben\u00e9 na \u0160ari\u0161i - Vyroben\u00e9 na \u0160ari\u0161i\",\"isPartOf\":{\"@id\":\"https:\/\/www.vyrobenenasarisi.sk\/#website\"},\"datePublished\":\"2026-01-22T12:16:41+00:00\",\"dateModified\":\"2026-01-24T09:35:39+00:00\",\"breadcrumb\":{\"@id\":\"https:\/\/www.vyrobenenasarisi.sk\/#breadcrumb\"},\"inLanguage\":\"en-GB\",\"potentialAction\":[{\"@type\":\"ReadAction\",\"target\":[\"https:\/\/www.vyrobenenasarisi.sk\/\"]}]},{\"@type\":\"BreadcrumbList\",\"@id\":\"https:\/\/www.vyrobenenasarisi.sk\/#breadcrumb\",\"itemListElement\":[{\"@type\":\"ListItem\",\"position\":1,\"name\":\"Domovsk\u00e1 str\u00e1nka\",\"item\":\"https:\/\/www.vyrobenenasarisi.sk\/\"},{\"@type\":\"ListItem\",\"position\":2,\"name\":\"Vyroben\u00e9 na \u0160ari\u0161i\"}]},{\"@type\":\"WebSite\",\"@id\":\"https:\/\/www.vyrobenenasarisi.sk\/#website\",\"url\":\"https:\/\/www.vyrobenenasarisi.sk\/\",\"name\":\"Vyroben\u00e9 na \u0160ari\u0161i\",\"description\":\"Region\u00e1lna zna\u010dka, ktor\u00e1 garantuje p\u00f4vod, kvalitu a poctiv\u00fa pr\u00e1cu miestnych v\u00fdrobcov.\",\"potentialAction\":[{\"@type\":\"SearchAction\",\"target\":{\"@type\":\"EntryPoint\",\"urlTemplate\":\"https:\/\/www.vyrobenenasarisi.sk\/?s={search_term_string}\"},\"query-input\":{\"@type\":\"PropertyValueSpecification\",\"valueRequired\":true,\"valueName\":\"search_term_string\"}}],\"inLanguage\":\"en-GB\"}]}<\/script>\n<!-- \/ Yoast SEO Premium plugin. -->","yoast_head_json":{"title":"Vyroben\u00e9 na \u0160ari\u0161i - Vyroben\u00e9 na \u0160ari\u0161i","robots":{"index":"index","follow":"follow","max-snippet":"max-snippet:-1","max-image-preview":"max-image-preview:large","max-video-preview":"max-video-preview:-1"},"canonical":"https:\/\/www.vyrobenenasarisi.sk\/en\/","og_locale":"en_GB","og_type":"article","og_title":"Vyroben\u00e9 na \u0160ari\u0161i","og_url":"https:\/\/www.vyrobenenasarisi.sk\/en\/","og_site_name":"Vyroben\u00e9 na \u0160ari\u0161i","article_modified_time":"2026-01-24T09:35:39+00:00","twitter_card":"summary_large_image","schema":{"@context":"https:\/\/schema.org","@graph":[{"@type":"WebPage","@id":"https:\/\/www.vyrobenenasarisi.sk\/","url":"https:\/\/www.vyrobenenasarisi.sk\/","name":"Vyroben\u00e9 na \u0160ari\u0161i - Vyroben\u00e9 na \u0160ari\u0161i","isPartOf":{"@id":"https:\/\/www.vyrobenenasarisi.sk\/#website"},"datePublished":"2026-01-22T12:16:41+00:00","dateModified":"2026-01-24T09:35:39+00:00","breadcrumb":{"@id":"https:\/\/www.vyrobenenasarisi.sk\/#breadcrumb"},"inLanguage":"en-GB","potentialAction":[{"@type":"ReadAction","target":["https:\/\/www.vyrobenenasarisi.sk\/"]}]},{"@type":"BreadcrumbList","@id":"https:\/\/www.vyrobenenasarisi.sk\/#breadcrumb","itemListElement":[{"@type":"ListItem","position":1,"name":"Domovsk\u00e1 str\u00e1nka","item":"https:\/\/www.vyrobenenasarisi.sk\/"},{"@type":"ListItem","position":2,"name":"Vyroben\u00e9 na \u0160ari\u0161i"}]},{"@type":"WebSite","@id":"https:\/\/www.vyrobenenasarisi.sk\/#website","url":"https:\/\/www.vyrobenenasarisi.sk\/","name":"Made in \u0160ari\u0161","description":"A regional brand that guarantees the origin, quality and honest work of local producers.","potentialAction":[{"@type":"SearchAction","target":{"@type":"EntryPoint","urlTemplate":"https:\/\/www.vyrobenenasarisi.sk\/?s={search_term_string}"},"query-input":{"@type":"PropertyValueSpecification","valueRequired":true,"valueName":"search_term_string"}}],"inLanguage":"en-GB"}]}},"_links":{"self":[{"href":"https:\/\/www.vyrobenenasarisi.sk\/en\/wp-json\/wp\/v2\/pages\/27","targetHints":{"allow":["GET"]}}],"collection":[{"href":"https:\/\/www.vyrobenenasarisi.sk\/en\/wp-json\/wp\/v2\/pages"}],"about":[{"href":"https:\/\/www.vyrobenenasarisi.sk\/en\/wp-json\/wp\/v2\/types\/page"}],"author":[{"embeddable":true,"href":"https:\/\/www.vyrobenenasarisi.sk\/en\/wp-json\/wp\/v2\/users\/1"}],"replies":[{"embeddable":true,"href":"https:\/\/www.vyrobenenasarisi.sk\/en\/wp-json\/wp\/v2\/comments?post=27"}],"version-history":[{"count":2,"href":"https:\/\/www.vyrobenenasarisi.sk\/en\/wp-json\/wp\/v2\/pages\/27\/revisions"}],"predecessor-version":[{"id":97,"href":"https:\/\/www.vyrobenenasarisi.sk\/en\/wp-json\/wp\/v2\/pages\/27\/revisions\/97"}],"wp:attachment":[{"href":"https:\/\/www.vyrobenenasarisi.sk\/en\/wp-json\/wp\/v2\/media?parent=27"}],"curies":[{"name":"wp","href":"https:\/\/api.w.org\/{rel}","templated":true}]}}